{"id":859,"date":"2024-06-11T14:59:00","date_gmt":"2024-06-11T12:59:00","guid":{"rendered":"https:\/\/www.camping-lesroches-agde.com\/rentals\/"},"modified":"2024-09-02T15:34:04","modified_gmt":"2024-09-02T13:34:04","slug":"rentals","status":"publish","type":"page","link":"https:\/\/www.camping-lesroches-agde.com\/en\/rentals\/","title":{"rendered":"Rentals"},"content":{"rendered":"\n<div class=\"is-layout-flow wp-block-group alignfull diaporama-header\">\n<figure class=\"is-layout-flex wp-block-gallery-1 wp-block-gallery has-nested-images columns-default is-cropped fc-auto\">\n<figure class=\"wp-block-image size-large fc-auto\"><img decoding=\"async\" width=\"1024\" height=\"640\" src=\"https:\/\/www.camping-lesroches-agde.com\/wp-content\/uploads\/2024\/09\/20210503_101554-header-1-1024x640.webp\" alt=\"\" class=\"wp-image-1013\" srcset=\"https:\/\/www.camping-lesroches-agde.com\/wp-content\/uploads\/2024\/09\/20210503_101554-header-1-1024x640.webp 1024w, https:\/\/www.camping-lesroches-agde.com\/wp-content\/uploads\/2024\/09\/20210503_101554-header-1-300x188.webp 300w, https:\/\/www.camping-lesroches-agde.com\/wp-content\/uploads\/2024\/09\/20210503_101554-header-1-768x480.webp 768w, https:\/\/www.camping-lesroches-agde.com\/wp-content\/uploads\/2024\/09\/20210503_101554-header-1-1536x960.webp 1536w, https:\/\/www.camping-lesroches-agde.com\/wp-content\/uploads\/2024\/09\/20210503_101554-header-1.webp 2048w\" sizes=\"(max-width: 1024px) 100vw, 1024px\" title=\"\"><\/figure>\n<\/figure>\n\n\n\n<div class=\"is-layout-constrained wp-block-group\">\n<div class=\"is-content-justification-center is-layout-flex wp-container-3 wp-block-buttons\">\n<div class=\"wp-block-button btn_resa_loc\"><a class=\"wp-block-button__link wp-element-button\"><span class=\"fc-icon calendar-check-solid\"><\/span>  Look for your stay!<\/a><\/div>\n<\/div>\n<\/div>\n<\/div>\n\n\n\n<section class=\"is-layout-constrained wp-block-group T-05\">\n<div class=\"is-layout-flex wp-container-10 wp-block-columns reverse-mob\">\n<div class=\"is-layout-flow wp-block-column is-vertically-aligned-center fade-left image\">\n<figure class=\"wp-block-image size-full ratio-3-2 fc-auto\"><img decoding=\"async\" width=\"1000\" height=\"750\" src=\"https:\/\/www.camping-lesroches-agde.com\/wp-content\/uploads\/2024\/06\/mobil-home-confort-2chambres.webp\" alt=\"\" class=\"wp-image-408\" srcset=\"https:\/\/www.camping-lesroches-agde.com\/wp-content\/uploads\/2024\/06\/mobil-home-confort-2chambres.webp 1000w, https:\/\/www.camping-lesroches-agde.com\/wp-content\/uploads\/2024\/06\/mobil-home-confort-2chambres-300x225.webp 300w, https:\/\/www.camping-lesroches-agde.com\/wp-content\/uploads\/2024\/06\/mobil-home-confort-2chambres-768x576.webp 768w\" sizes=\"(max-width: 1000px) 100vw, 1000px\" title=\"\"><\/figure>\n<\/div>\n\n\n\n<div class=\"is-layout-flow wp-block-column is-vertically-aligned-top\">\n<h1>Mobile home rental in Cap d&#8217;Agde: <span class=\"fc-span\">discover our accommodations<\/span><\/h1>\n\n\n\n<p>Looking for a <strong>vacation rental in the H\u00e9rault<\/strong> for a couple, a large family or a small group of friends? At Les Roches d&#8217;Agde you&#8217;ll find the ideal accommodation for a relaxing stay at <strong>\n  <a href=\"https:\/\/www.camping-lesroches-agde.com\/en\/\" data-type=\"page\" data-id=\"98\">camping in Agde<\/a>\n<\/strong><strong>close to the Mediterranean Sea<\/strong>. Enjoy the comfort of a <strong>mobile home rental in Cap d&#8217;Agde<\/strong> at our family campsite with its <strong>warm<\/strong> atmosphere. Les Roches d&#8217;Agde offers a selection of recent accommodation of varying capacities, accommodating from <strong>2 to 8 people <\/strong>depending on the model.<\/p>\n\n\n\n<div class=\"is-layout-flex wp-block-buttons\">\n<div class=\"wp-block-button btn_resa_loc\"><a class=\"wp-block-button__link wp-element-button\"><span class=\"fc-icon magnifying-glass-solid\"><\/span>  Book my mobile home<\/a><\/div>\n<\/div>\n<\/div>\n\n\n\n<div class=\"is-layout-flow wp-block-column is-vertically-aligned-bottom hide-mob\">\n<figure class=\"wp-block-image size-full fc-auto\"><img decoding=\"async\" width=\"1000\" height=\"750\" src=\"https:\/\/www.camping-lesroches-agde.com\/wp-content\/uploads\/2024\/06\/mobil-home-premium-4-6personnes.webp\" alt=\"\" class=\"wp-image-414\" srcset=\"https:\/\/www.camping-lesroches-agde.com\/wp-content\/uploads\/2024\/06\/mobil-home-premium-4-6personnes.webp 1000w, https:\/\/www.camping-lesroches-agde.com\/wp-content\/uploads\/2024\/06\/mobil-home-premium-4-6personnes-300x225.webp 300w, https:\/\/www.camping-lesroches-agde.com\/wp-content\/uploads\/2024\/06\/mobil-home-premium-4-6personnes-768x576.webp 768w\" sizes=\"(max-width: 1000px) 100vw, 1000px\" title=\"\"><\/figure>\n<\/div>\n<\/div>\n<\/section>\n\n\n\n<div class=\"is-layout-flex wp-container-17 wp-block-columns alignfull are-vertically-aligned-center T-10 T-10-b has-fond-background-color has-background\">\n<div class=\"is-layout-flow wp-block-column is-vertically-aligned-center texte\">\n<h2>Our comfortable mobile home rentals <span class=\"fc-span\">in Cap Agde<\/span><\/h2>\n\n\n\n<p>With one, two or three bedrooms, each rental at our <a href=\"https:\/\/www.camping-lesroches-agde.com\/en\/swimming-pool\/\" data-type=\"page\" data-id=\"107\">Agde campsite with swimming pool<\/a> is adapted to the different needs of holidaymakers visiting with family or friends.<\/p>\n\n\n\n<div class=\"wp-block-fc-gut-lire-plus fc-mob\">\n<p>Read more<\/p>\n\n\n\n<div class=\"is-layout-flow wp-block-group\">\n<p>All our <strong>Cap d&#8217;Agde mobile home rentals<\/strong> come with their own shower room and toilet. Our mobile homes also feature functional, well-equipped kitchens, with sink, gas stove, fridge, microwave oven, coffee maker, toaster, and all the crockery and utensils you need to prepare meals during your stay at the <strong>campsite in Agde<\/strong>.<\/p>\n\n\n\n<p>All the rental units at our <strong>campsite with swimming pool in Agde<\/strong> have <strong>lovely terraces<\/strong> where you can spend unforgettable moments with family and friends: from breakfasts to convivial outdoor dinners, from afternoon siestas on deckchairs to refreshing aperitifs. Enjoy the <strong>peace and quiet<\/strong>, under the trees and with little privacy, for a 100% relaxing vacation just 1.5 kilometers from the <strong>beach<\/strong>.<\/p>\n<\/div>\n<\/div>\n<\/div>\n\n\n\n<div class=\"is-layout-flow wp-block-column is-vertically-aligned-center galerie fade-right\">\n<figure class=\"is-layout-flex wp-block-gallery-14 wp-block-gallery has-nested-images columns-2 is-cropped fc-diapo-mob fc-auto\">\n<figure class=\"wp-block-image size-full fc-auto\"><img decoding=\"async\" width=\"1920\" height=\"1281\" src=\"https:\/\/www.camping-lesroches-agde.com\/wp-content\/uploads\/2024\/06\/super_mercure_chambre_parents_2019-jpg-1.webp\" alt=\"\" class=\"wp-image-423\" srcset=\"https:\/\/www.camping-lesroches-agde.com\/wp-content\/uploads\/2024\/06\/super_mercure_chambre_parents_2019-jpg-1.webp 1920w, https:\/\/www.camping-lesroches-agde.com\/wp-content\/uploads\/2024\/06\/super_mercure_chambre_parents_2019-jpg-1-300x200.webp 300w, https:\/\/www.camping-lesroches-agde.com\/wp-content\/uploads\/2024\/06\/super_mercure_chambre_parents_2019-jpg-1-1024x683.webp 1024w, https:\/\/www.camping-lesroches-agde.com\/wp-content\/uploads\/2024\/06\/super_mercure_chambre_parents_2019-jpg-1-768x512.webp 768w, https:\/\/www.camping-lesroches-agde.com\/wp-content\/uploads\/2024\/06\/super_mercure_chambre_parents_2019-jpg-1-1536x1025.webp 1536w\" sizes=\"(max-width: 1920px) 100vw, 1920px\" title=\"\"><\/figure>\n\n\n\n<figure class=\"wp-block-image size-full fc-auto\"><img decoding=\"async\" width=\"533\" height=\"800\" src=\"https:\/\/www.camping-lesroches-agde.com\/wp-content\/uploads\/2024\/06\/riviera_suite_cuisine_2020-jpg-800px.webp\" alt=\"\" class=\"wp-image-421\" srcset=\"https:\/\/www.camping-lesroches-agde.com\/wp-content\/uploads\/2024\/06\/riviera_suite_cuisine_2020-jpg-800px.webp 533w, https:\/\/www.camping-lesroches-agde.com\/wp-content\/uploads\/2024\/06\/riviera_suite_cuisine_2020-jpg-800px-200x300.webp 200w\" sizes=\"(max-width: 533px) 100vw, 533px\" title=\"\"><\/figure>\n\n\n\n<figure class=\"wp-block-image size-full fc-auto\"><img decoding=\"async\" width=\"1920\" height=\"1281\" src=\"https:\/\/www.camping-lesroches-agde.com\/wp-content\/uploads\/2024\/06\/super_mercure_sejour_2020-jpg-1.webp\" alt=\"\" class=\"wp-image-425\" srcset=\"https:\/\/www.camping-lesroches-agde.com\/wp-content\/uploads\/2024\/06\/super_mercure_sejour_2020-jpg-1.webp 1920w, https:\/\/www.camping-lesroches-agde.com\/wp-content\/uploads\/2024\/06\/super_mercure_sejour_2020-jpg-1-300x200.webp 300w, https:\/\/www.camping-lesroches-agde.com\/wp-content\/uploads\/2024\/06\/super_mercure_sejour_2020-jpg-1-1024x683.webp 1024w, https:\/\/www.camping-lesroches-agde.com\/wp-content\/uploads\/2024\/06\/super_mercure_sejour_2020-jpg-1-768x512.webp 768w, https:\/\/www.camping-lesroches-agde.com\/wp-content\/uploads\/2024\/06\/super_mercure_sejour_2020-jpg-1-1536x1025.webp 1536w\" sizes=\"(max-width: 1920px) 100vw, 1920px\" title=\"\"><\/figure>\n<\/figure>\n<\/div>\n<\/div>\n\n\n\n<div class=\"is-layout-flex wp-container-23 wp-block-columns T-15 reverse-mob\">\n<div class=\"is-layout-flow wp-block-column fade-up galerie\">\n<figure class=\"is-layout-flex wp-block-gallery-18 wp-block-gallery has-nested-images columns-3 is-cropped fc-diapo-mob fc-auto\">\n<figure class=\"wp-block-image size-large ratio-4-5 fc-auto\"><img decoding=\"async\" width=\"1024\" height=\"768\" src=\"https:\/\/www.camping-lesroches-agde.com\/wp-content\/uploads\/2024\/06\/20210503_101446-1024x768.jpg\" alt=\"\" class=\"wp-image-127\" srcset=\"https:\/\/www.camping-lesroches-agde.com\/wp-content\/uploads\/2024\/06\/20210503_101446-1024x768.jpg 1024w, https:\/\/www.camping-lesroches-agde.com\/wp-content\/uploads\/2024\/06\/20210503_101446-300x225.jpg 300w, https:\/\/www.camping-lesroches-agde.com\/wp-content\/uploads\/2024\/06\/20210503_101446-768x576.jpg 768w, https:\/\/www.camping-lesroches-agde.com\/wp-content\/uploads\/2024\/06\/20210503_101446-1536x1152.jpg 1536w, https:\/\/www.camping-lesroches-agde.com\/wp-content\/uploads\/2024\/06\/20210503_101446.jpg 2048w\" sizes=\"(max-width: 1024px) 100vw, 1024px\" title=\"\"><figcaption class=\"wp-element-caption\">Suite range<\/figcaption><\/figure>\n\n\n\n<figure class=\"wp-block-image size-full ratio-4-5 fc-auto\"><img decoding=\"async\" width=\"1000\" height=\"656\" src=\"https:\/\/www.camping-lesroches-agde.com\/wp-content\/uploads\/2024\/06\/mobil-home-confort-plus-2chambres.webp\" alt=\"\" class=\"wp-image-412\" srcset=\"https:\/\/www.camping-lesroches-agde.com\/wp-content\/uploads\/2024\/06\/mobil-home-confort-plus-2chambres.webp 1000w, https:\/\/www.camping-lesroches-agde.com\/wp-content\/uploads\/2024\/06\/mobil-home-confort-plus-2chambres-300x197.webp 300w, https:\/\/www.camping-lesroches-agde.com\/wp-content\/uploads\/2024\/06\/mobil-home-confort-plus-2chambres-768x504.webp 768w\" sizes=\"(max-width: 1000px) 100vw, 1000px\" title=\"\"><figcaption class=\"wp-element-caption\">Comfort range<\/figcaption><\/figure>\n\n\n\n<figure class=\"wp-block-image size-full ratio-4-5 fc-auto\"><img decoding=\"async\" width=\"1000\" height=\"750\" src=\"https:\/\/www.camping-lesroches-agde.com\/wp-content\/uploads\/2024\/06\/mobil-home-premium-3chambres.jpg\" alt=\"\" class=\"wp-image-131\" srcset=\"https:\/\/www.camping-lesroches-agde.com\/wp-content\/uploads\/2024\/06\/mobil-home-premium-3chambres.jpg 1000w, https:\/\/www.camping-lesroches-agde.com\/wp-content\/uploads\/2024\/06\/mobil-home-premium-3chambres-300x225.jpg 300w, https:\/\/www.camping-lesroches-agde.com\/wp-content\/uploads\/2024\/06\/mobil-home-premium-3chambres-768x576.jpg 768w\" sizes=\"(max-width: 1000px) 100vw, 1000px\" title=\"\"><figcaption class=\"wp-element-caption\">Premium range<\/figcaption><\/figure>\n<\/figure>\n<\/div>\n\n\n\n<div class=\"is-layout-flow wp-block-column texte fade-up\">\n<h2>Discover our range of <span class=\"fc-span\">mobile homes in Agde<\/span><\/h2>\n\n\n\n<p>So that your <strong>stay in Cap d&#8217;Agde<\/strong> is synonymous with comfort and relaxation, Les Roches d&#8217;Agde campsite offers you the choice of<strong> mobile home rental in Cap d&#8217;Agde<\/strong>, from among its various ranges of accommodation. You&#8217;ll be able to choose the best-priced mobile home rental to suit your needs:<\/p>\n\n\n\n<ul>\n<li>Comfort range mobile homes, 1 to 3 bedrooms, 2 to 6 people, with air conditioning.<\/li>\n\n\n\n<li>Mobile home in the Suite range, 2 bedrooms, sleeps 4 to 6, with air conditioning and TV. With a large master bedroom with direct access to the shower room.<\/li>\n\n\n\n<li>Premium range mobile homes, 2 to 3 bedrooms, sleeps 4 to 8, with air conditioning and TV.<\/li>\n<\/ul>\n\n\n\n<div class=\"wp-block-fc-gut-lire-plus fc-mob\">\n<p>Read more<\/p>\n\n\n\n<div class=\"is-layout-flow wp-block-group\">\n<p>For maximum comfort during your vacation <strong>rental in the H\u00e9rault region<\/strong>, our <strong>Premium mobile homes<\/strong> feature additional equipment such as flat-screen TVs or large fridges with freezers, and high-quality designer furnishings.<\/p>\n<\/div>\n<\/div>\n<\/div>\n<\/div>\n\n\n\n<div class=\"is-layout-flex wp-container-31 wp-block-columns are-vertically-aligned-center T-10 T-10-c\">\n<div class=\"is-layout-flow wp-block-column is-vertically-aligned-center texte\" style=\"flex-basis:40.5%\">\n<h2>Enjoy our campsite <span class=\"fc-span\">in H\u00e9rault from mobile home rental<\/span><\/h2>\n\n\n\n<p>Our establishment offers accommodation to suit your budget, with 3 ranges of mobile homes and <a href=\"https:\/\/www.camping-lesroches-agde.com\/en\/locations\/\" data-type=\"page\" data-id=\"102\">camping pitches in Cap d&#8217;Agde<\/a> for tents, caravans and motorhomes. To enjoy a stay that suits you in <strong>Languedoc Roussillon<\/strong>, close to sandy beaches, you can book for a weekend, a week or even a fortnight. We offer <strong>camping equipment rental<\/strong>: barbecue, fridge, fan, baby kit.<\/p>\n\n\n\n<div class=\"wp-block-fc-gut-lire-plus fc-mob\">\n<p>Read more<\/p>\n\n\n\n<div class=\"is-layout-flow wp-block-group\">\n<p>Our campsite offers <strong>a wide range of<\/strong> free <strong>activities<\/strong> for children and adults. Our <a href=\"https:\/\/www.camping-lesroches-agde.com\/en\/swimming-pool\/\" data-type=\"page\" data-id=\"107\">Agde campsite with swimming pool<\/a> offers a water park with outdoor pool for family fun. The little ones can play in the water, while the grown-ups can relax on the deckchairs by the pool. The campsite also features a playground, badminton court and ping pong table. Not to mention seasonal <strong>entertainment <\/strong>.<\/p>\n\n\n\n<div class=\"wp-block-fc-gut-lire-plus fc-desk\">\n<p>Read more<\/p>\n\n\n\n<div class=\"is-layout-flow wp-block-group\">\n<p>You can also take advantage of our <strong>3-star service <\/strong>with our &#8220;La Petite Roche&#8221;<strong> restaurant-snack bar <\/strong>area, including bread, breakfast and snacks.<\/p>\n\n\n\n<p><strong>Camping in Agde<\/strong> is the ideal starting point for discovering the H\u00e9rault region, with its towns, villages and must-see sites: Saint Guilhem du d\u00e9sert, Marseillan, S\u00e8te, the Canal du Midi, Lac de Salagou and many more. Discover Agde, its port, beaches and Cap d&#8217;Agde. The seaside resort of <strong>Cap d&#8217;Agde<\/strong> offers a Mediterranean atmosphere, with its long sandy beaches, marina, Aqualand, leisure island and more.<\/p>\n<\/div>\n<\/div>\n<\/div>\n<\/div>\n\n\n\n<div class=\"is-layout-flex wp-block-buttons\">\n<div class=\"wp-block-button btn_resa_loc\"><a class=\"wp-block-button__link wp-element-button\"><span class=\"fc-icon magnifying-glass-solid\"><\/span>  Book my stay<\/a><\/div>\n<\/div>\n<\/div>\n\n\n\n<div class=\"is-layout-flow wp-block-column is-vertically-aligned-center galerie fade-right\">\n<figure class=\"is-layout-flex wp-block-gallery-28 wp-block-gallery has-nested-images columns-2 is-cropped fc-diapo-mob fc-auto\">\n<figure class=\"wp-block-image size-full ratio-3-2 fc-auto\"><img decoding=\"async\" width=\"1191\" height=\"794\" src=\"https:\/\/www.camping-lesroches-agde.com\/wp-content\/uploads\/2024\/06\/piscine2.webp\" alt=\"\" class=\"wp-image-350\" srcset=\"https:\/\/www.camping-lesroches-agde.com\/wp-content\/uploads\/2024\/06\/piscine2.webp 1191w, https:\/\/www.camping-lesroches-agde.com\/wp-content\/uploads\/2024\/06\/piscine2-300x200.webp 300w, https:\/\/www.camping-lesroches-agde.com\/wp-content\/uploads\/2024\/06\/piscine2-1024x683.webp 1024w, https:\/\/www.camping-lesroches-agde.com\/wp-content\/uploads\/2024\/06\/piscine2-768x512.webp 768w\" sizes=\"(max-width: 1191px) 100vw, 1191px\" title=\"\"><\/figure>\n\n\n\n<figure class=\"wp-block-image size-full fc-auto\"><img decoding=\"async\" width=\"1920\" height=\"1281\" src=\"https:\/\/www.camping-lesroches-agde.com\/wp-content\/uploads\/2024\/06\/plage-15.webp\" alt=\"\" class=\"wp-image-445\" srcset=\"https:\/\/www.camping-lesroches-agde.com\/wp-content\/uploads\/2024\/06\/plage-15.webp 1920w, https:\/\/www.camping-lesroches-agde.com\/wp-content\/uploads\/2024\/06\/plage-15-300x200.webp 300w, https:\/\/www.camping-lesroches-agde.com\/wp-content\/uploads\/2024\/06\/plage-15-1024x683.webp 1024w, https:\/\/www.camping-lesroches-agde.com\/wp-content\/uploads\/2024\/06\/plage-15-768x512.webp 768w, https:\/\/www.camping-lesroches-agde.com\/wp-content\/uploads\/2024\/06\/plage-15-1536x1025.webp 1536w\" sizes=\"(max-width: 1920px) 100vw, 1920px\" title=\"\"><\/figure>\n\n\n\n<figure class=\"wp-block-image size-full ratio-4-3 fc-auto\"><img decoding=\"async\" width=\"1000\" height=\"563\" src=\"https:\/\/www.camping-lesroches-agde.com\/wp-content\/uploads\/2024\/06\/snack-bar.webp\" alt=\"\" class=\"wp-image-443\" srcset=\"https:\/\/www.camping-lesroches-agde.com\/wp-content\/uploads\/2024\/06\/snack-bar.webp 1000w, https:\/\/www.camping-lesroches-agde.com\/wp-content\/uploads\/2024\/06\/snack-bar-300x169.webp 300w, https:\/\/www.camping-lesroches-agde.com\/wp-content\/uploads\/2024\/06\/snack-bar-768x432.webp 768w\" sizes=\"(max-width: 1000px) 100vw, 1000px\" title=\"\"><\/figure>\n<\/figure>\n<\/div>\n<\/div>\n","protected":false},"excerpt":{"rendered":"<p>Mobile home rental in Cap d&#8217;Agde: discover our accommodations Looking for a vacation rental in the H\u00e9rault for a couple, a large family or a small group of friends? At Les Roches d&#8217;Agde you&#8217;ll find the ideal accommodation for a relaxing stay at camping in Agde close to the Mediterranean Sea. Enjoy the comfort of [&hellip;]<\/p>\n","protected":false},"author":1,"featured_media":0,"parent":0,"menu_order":0,"comment_status":"closed","ping_status":"closed","template":"","meta":[],"acf":[],"_links":{"self":[{"href":"https:\/\/www.camping-lesroches-agde.com\/en\/wp-json\/wp\/v2\/pages\/859"}],"collection":[{"href":"https:\/\/www.camping-lesroches-agde.com\/en\/wp-json\/wp\/v2\/pages"}],"about":[{"href":"https:\/\/www.camping-lesroches-agde.com\/en\/wp-json\/wp\/v2\/types\/page"}],"author":[{"embeddable":true,"href":"https:\/\/www.camping-lesroches-agde.com\/en\/wp-json\/wp\/v2\/users\/1"}],"replies":[{"embeddable":true,"href":"https:\/\/www.camping-lesroches-agde.com\/en\/wp-json\/wp\/v2\/comments?post=859"}],"version-history":[{"count":3,"href":"https:\/\/www.camping-lesroches-agde.com\/en\/wp-json\/wp\/v2\/pages\/859\/revisions"}],"predecessor-version":[{"id":1016,"href":"https:\/\/www.camping-lesroches-agde.com\/en\/wp-json\/wp\/v2\/pages\/859\/revisions\/1016"}],"wp:attachment":[{"href":"https:\/\/www.camping-lesroches-agde.com\/en\/wp-json\/wp\/v2\/media?parent=859"}],"curies":[{"name":"wp","href":"https:\/\/api.w.org\/{rel}","templated":true}]}}